{"id":954,"date":"2021-02-07T14:44:07","date_gmt":"2021-02-07T13:44:07","guid":{"rendered":"http:\/\/le-crabe.fr\/?page_id=954"},"modified":"2021-04-07T12:00:55","modified_gmt":"2021-04-07T10:00:55","slug":"contact","status":"publish","type":"page","link":"https:\/\/le-crabe.fr\/en\/contact\/","title":{"rendered":"Contact"},"content":{"rendered":"<p>[et_pb_section fb_built=\u00a0\u00bb1&Prime; custom_padding_last_edited=\u00a0\u00bboff|phone\u00a0\u00bb admin_label=\u00a0\u00bbHeader\u00a0\u00bb _builder_version=\u00a0\u00bb3.27.3&Prime; custom_padding=\u00a0\u00bb0px||0px||false|false\u00a0\u00bb custom_padding_tablet=\u00a0\u00bb||0px||false|false\u00a0\u00bb locked=\u00a0\u00bboff\u00a0\u00bb][et_pb_row make_equal=\u00a0\u00bbon\u00a0\u00bb custom_padding_last_edited=\u00a0\u00bboff|desktop\u00a0\u00bb _builder_version=\u00a0\u00bb3.27.3&Prime; max_width=\u00a0\u00bbnone\u00a0\u00bb custom_padding=\u00a0\u00bb0px||0px||false|false\u00a0\u00bb custom_padding_tablet=\u00a0\u00bb||0px||false|false\u00a0\u00bb box_shadow_style=\u00a0\u00bbpreset4&Prime; box_shadow_horizontal=\u00a0\u00bb30vw\u00a0\u00bb box_shadow_vertical=\u00a0\u00bb0px\u00a0\u00bb box_shadow_color=\u00a0\u00bb#c5e0dc\u00a0\u00bb locked=\u00a0\u00bboff\u00a0\u00bb][et_pb_column type=\u00a0\u00bb4_4&Prime; _builder_version=\u00a0\u00bb3.27.3&Prime; custom_padding=\u00a0\u00bb120px|80px|60px||false|false\u00a0\u00bb custom_padding_tablet=\u00a0\u00bb|40px|||false|false\u00a0\u00bb custom_padding_phone=\u00a0\u00bb|20px|||false|false\u00a0\u00bb custom_padding_last_edited=\u00a0\u00bbon|phone\u00a0\u00bb][et_pb_text _builder_version=\u00a0\u00bb4.9.0&Prime; text_font_size=\u00a0\u00bb12px\u00a0\u00bb header_font=\u00a0\u00bbMontserrat|700|||||||\u00a0\u00bb header_text_color=\u00a0\u00bb#000000&Prime; header_font_size=\u00a0\u00bb6vw\u00a0\u00bb header_font_size_tablet=\u00a0\u00bb80px\u00a0\u00bb header_font_size_phone=\u00a0\u00bb42px\u00a0\u00bb header_font_size_last_edited=\u00a0\u00bbon|tablet\u00a0\u00bb locked=\u00a0\u00bboff\u00a0\u00bb]<\/p>\n<h1>Contact<\/h1>\n<p>[\/et_pb_text][et_pb_text _builder_version=\u00a0\u00bb3.27.4&Prime; text_font=\u00a0\u00bbCardo|700|||||||\u00a0\u00bb text_text_color=\u00a0\u00bbrgba(0,0,0,0.03)\u00a0\u00bb text_font_size=\u00a0\u00bb150px\u00a0\u00bb text_line_height=\u00a0\u00bb1em\u00a0\u00bb custom_margin=\u00a0\u00bb-0.8em|||-0.8em|false|false\u00a0\u00bb custom_margin_tablet=\u00a0\u00bb-100px||||false|false\u00a0\u00bb custom_margin_phone=\u00a0\u00bb-80px|||-60px|false|false\u00a0\u00bb custom_margin_last_edited=\u00a0\u00bbon|desktop\u00a0\u00bb text_font_size_tablet=\u00a0\u00bb100px\u00a0\u00bb text_font_size_phone=\u00a0\u00bb60px\u00a0\u00bb text_font_size_last_edited=\u00a0\u00bbon|desktop\u00a0\u00bb locked=\u00a0\u00bboff\u00a0\u00bb]<\/p>\n<p>Contact<\/p>\n<p>[\/et_pb_text][\/et_pb_column][\/et_pb_row][\/et_pb_section][et_pb_section fb_built=\u00a0\u00bb1&Prime; admin_label=\u00a0\u00bbContact Info\u00a0\u00bb _builder_version=\u00a0\u00bb3.27.3&Prime; background_color=\u00a0\u00bb#ffffff\u00a0\u00bb custom_padding=\u00a0\u00bb17px||18px|||\u00a0\u00bb][et_pb_row column_structure=\u00a0\u00bb1_2,1_2&Prime; _builder_version=\u00a0\u00bb3.27.3&Prime;][et_pb_column type=\u00a0\u00bb1_2&Prime; _builder_version=\u00a0\u00bb3.27.3&Prime;][et_pb_text _builder_version=\u00a0\u00bb4.9.0&Prime; text_line_height=\u00a0\u00bb1.8em\u00a0\u00bb link_font=\u00a0\u00bb||||on||||\u00a0\u00bb link_text_color=\u00a0\u00bbrgba(0,0,0,0.6)\u00a0\u00bb header_3_font=\u00a0\u00bbMontserrat|700|||||||\u00a0\u00bb header_3_font_size=\u00a0\u00bb20px\u00a0\u00bb header_3_line_height=\u00a0\u00bb1.8em\u00a0\u00bb custom_margin=\u00a0\u00bb||||false|false\u00a0\u00bb locked=\u00a0\u00bboff\u00a0\u00bb]<\/p>\n<h3>Adresse mail<\/h3>\n<p style=\"text-align: justify;\"><span style=\"font-weight: 400;\">Des questions, des id\u00e9es de sujets, une envie de contribuer, contactez-nous \u00e0 l&rsquo;adresse suivante : contact@le-crabe.fr<\/span><\/p>\n<p>[\/et_pb_text][et_pb_text _builder_version=\u00a0\u00bb4.9.0&Prime; text_line_height=\u00a0\u00bb1.8em\u00a0\u00bb link_font=\u00a0\u00bb||||on||||\u00a0\u00bb link_text_color=\u00a0\u00bbrgba(0,0,0,0.6)\u00a0\u00bb header_3_font=\u00a0\u00bbMontserrat|700|||||||\u00a0\u00bb header_3_font_size=\u00a0\u00bb20px\u00a0\u00bb header_3_line_height=\u00a0\u00bb1.8em\u00a0\u00bb custom_margin=\u00a0\u00bb||||false|false\u00a0\u00bb locked=\u00a0\u00bboff\u00a0\u00bb]<\/p>\n<h3>Nous rencontrer<\/h3>\n<p style=\"text-align: justify;\">A l&rsquo;Ecole Sup\u00e9rieure de Journalisme de Lille, situ\u00e9e 50 rue Gauthier de Ch\u00e2tillon, 59000, Lille<\/p>\n<p>[\/et_pb_text][\/et_pb_column][et_pb_column type=\u00a0\u00bb1_2&Prime; _builder_version=\u00a0\u00bb3.27.3&Prime;][\/et_pb_column][\/et_pb_row][\/et_pb_section][et_pb_section fb_built=\u00a0\u00bb1&Prime; admin_label=\u00a0\u00bbFooter\u00a0\u00bb _builder_version=\u00a0\u00bb3.27.3&Prime; background_color_gradient_direction=\u00a0\u00bb90deg\u00a0\u00bb custom_padding=\u00a0\u00bb48px||0px||false|false\u00a0\u00bb box_shadow_style=\u00a0\u00bbpreset7&Prime; box_shadow_horizontal=\u00a0\u00bb0px\u00a0\u00bb box_shadow_vertical=\u00a0\u00bb-180px\u00a0\u00bb box_shadow_color=\u00a0\u00bb#ffffff\u00a0\u00bb][et_pb_row custom_padding_last_edited=\u00a0\u00bbon|phone\u00a0\u00bb admin_label=\u00a0\u00bbRow\u00a0\u00bb _builder_version=\u00a0\u00bb4.9.0&Prime; background_color=\u00a0\u00bb#ffffff\u00a0\u00bb z_index=\u00a0\u00bb10&Prime; width_tablet=\u00a0\u00bb\u00a0\u00bb width_phone=\u00a0\u00bb90%\u00a0\u00bb width_last_edited=\u00a0\u00bbon|phone\u00a0\u00bb custom_margin=\u00a0\u00bb-48px||||false|false\u00a0\u00bb custom_margin_tablet=\u00a0\u00bb0px||||false|false\u00a0\u00bb custom_margin_phone=\u00a0\u00bb\u00a0\u00bb custom_margin_last_edited=\u00a0\u00bbon|desktop\u00a0\u00bb custom_padding=\u00a0\u00bb60px|50px|0px|50px|false|true\u00a0\u00bb custom_padding_tablet=\u00a0\u00bb|10%||0px|false|false\u00a0\u00bb custom_padding_phone=\u00a0\u00bb|5%||5%|false|true\u00a0\u00bb box_shadow_style=\u00a0\u00bbpreset4&Prime; box_shadow_horizontal=\u00a0\u00bb-30vw\u00a0\u00bb box_shadow_vertical=\u00a0\u00bb0px\u00a0\u00bb box_shadow_color=\u00a0\u00bb#ffc077&Prime;][et_pb_column type=\u00a0\u00bb4_4&Prime; _builder_version=\u00a0\u00bb3.26.6&Prime;][et_pb_text _builder_version=\u00a0\u00bb4.8.2&Prime; header_2_font=\u00a0\u00bbMontserrat|700|||||||\u00a0\u00bb header_2_font_size=\u00a0\u00bb40px\u00a0\u00bb header_2_line_height=\u00a0\u00bb1.2em\u00a0\u00bb max_width=\u00a0\u00bb750px\u00a0\u00bb custom_margin=\u00a0\u00bb||0px||false|false\u00a0\u00bb header_2_font_size_tablet=\u00a0\u00bb\u00a0\u00bb header_2_font_size_phone=\u00a0\u00bb36px\u00a0\u00bb header_2_font_size_last_edited=\u00a0\u00bbon|desktop\u00a0\u00bb locked=\u00a0\u00bboff\u00a0\u00bb]<\/p>\n<h2>Rejoins la Newsletter<\/h2>\n<p>[\/et_pb_text][et_pb_signup layout=\u00a0\u00bbtop_bottom\u00a0\u00bb first_name_field=\u00a0\u00bboff\u00a0\u00bb last_name_field=\u00a0\u00bboff\u00a0\u00bb button_text=\u00a0\u00bbs&rsquo;abonner\u00a0\u00bb _builder_version=\u00a0\u00bb4.9.0&Prime; form_field_background_color=\u00a0\u00bbrgba(0,0,0,0)\u00a0\u00bb form_field_font_size=\u00a0\u00bb16px\u00a0\u00bb form_field_line_height=\u00a0\u00bb1.8em\u00a0\u00bb use_background_color=\u00a0\u00bboff\u00a0\u00bb custom_button=\u00a0\u00bbon\u00a0\u00bb button_text_size=\u00a0\u00bb14px\u00a0\u00bb button_text_color=\u00a0\u00bb#ffffff\u00a0\u00bb button_bg_color=\u00a0\u00bb#000000&Prime; button_border_width=\u00a0\u00bb12px\u00a0\u00bb button_border_color=\u00a0\u00bbrgba(0,0,0,0)\u00a0\u00bb button_border_radius=\u00a0\u00bb0px\u00a0\u00bb button_letter_spacing=\u00a0\u00bb2px\u00a0\u00bb button_font=\u00a0\u00bb|800||on|||||\u00a0\u00bb button_icon=\u00a0\u00bb%%3%%\u00a0\u00bb background_layout=\u00a0\u00bblight\u00a0\u00bb hover_enabled=\u00a0\u00bb0&Prime; border_radii_fields=\u00a0\u00bbon|0px|0px|0px|0px\u00a0\u00bb border_width_all_fields=\u00a0\u00bb1px\u00a0\u00bb border_color_all_fields=\u00a0\u00bb000&Prime; provider=\u00a0\u00bbsendinblue\u00a0\u00bb sendinblue_list=\u00a0\u00bbesj-lille|5&Prime; success_message=\u00a0\u00bbBienvenue\u00a0\u00bb sticky_enabled=\u00a0\u00bb0&Prime;][\/et_pb_signup][\/et_pb_column][\/et_pb_row][\/et_pb_section]<\/p>\n","protected":false},"excerpt":{"rendered":"<p>ContactContactAdresse mail Des questions, des id\u00e9es de sujets, une envie de contribuer, contactez-nous \u00e0 l&rsquo;adresse suivante : contact@le-crabe.frNous rencontrer A l&rsquo;Ecole Sup\u00e9rieure de Journalisme de Lille, situ\u00e9e 50 rue Gauthier de Ch\u00e2tillon, 59000, LilleRejoins la Newsletter<\/p>","protected":false},"author":2,"featured_media":0,"parent":0,"menu_order":0,"comment_status":"closed","ping_status":"closed","template":"","meta":{"_et_pb_use_builder":"on","_et_pb_old_content":"","_et_gb_content_width":"","footnotes":""},"class_list":["post-954","page","type-page","status-publish","hentry"],"_links":{"self":[{"href":"https:\/\/le-crabe.fr\/en\/wp-json\/wp\/v2\/pages\/954","targetHints":{"allow":["GET"]}}],"collection":[{"href":"https:\/\/le-crabe.fr\/en\/wp-json\/wp\/v2\/pages"}],"about":[{"href":"https:\/\/le-crabe.fr\/en\/wp-json\/wp\/v2\/types\/page"}],"author":[{"embeddable":true,"href":"https:\/\/le-crabe.fr\/en\/wp-json\/wp\/v2\/users\/2"}],"replies":[{"embeddable":true,"href":"https:\/\/le-crabe.fr\/en\/wp-json\/wp\/v2\/comments?post=954"}],"version-history":[{"count":8,"href":"https:\/\/le-crabe.fr\/en\/wp-json\/wp\/v2\/pages\/954\/revisions"}],"predecessor-version":[{"id":1956,"href":"https:\/\/le-crabe.fr\/en\/wp-json\/wp\/v2\/pages\/954\/revisions\/1956"}],"wp:attachment":[{"href":"https:\/\/le-crabe.fr\/en\/wp-json\/wp\/v2\/media?parent=954"}],"curies":[{"name":"wp","href":"https:\/\/api.w.org\/{rel}","templated":true}]}}